{"id":13,"date":"2025-05-10T15:47:13","date_gmt":"2025-05-10T15:47:13","guid":{"rendered":"http:\/\/talleresabellan.com\/?page_id=13"},"modified":"2025-07-16T07:07:58","modified_gmt":"2025-07-16T07:07:58","slug":"servicios","status":"publish","type":"page","link":"http:\/\/talleresabellan.com\/?page_id=13","title":{"rendered":"Servicios"},"content":{"rendered":"\t\t<div data-elementor-type=\"wp-page\" data-elementor-id=\"13\" class=\"elementor elementor-13\">\n\t\t\t\t<div class=\"elementor-element elementor-element-e2cbadd animated-slow e-flex e-con-boxed elementor-invisible e-con e-parent\" data-id=\"e2cbadd\" data-element_type=\"container\" data-settings=\"{&quot;background_background&quot;:&quot;classic&quot;,&quot;animation&quot;:&quot;fadeIn&quot;,&quot;animation_delay&quot;:200}\">\n\t\t\t\t\t<div class=\"e-con-inner\">\n\t\t\t\t<div class=\"elementor-element elementor-element-f80077d elementor-invisible elementor-widget elementor-widget-heading\" data-id=\"f80077d\" data-element_type=\"widget\" data-settings=\"{&quot;_animation&quot;:&quot;fadeIn&quot;,&quot;_animation_delay&quot;:200}\" data-widget_type=\"heading.default\">\n\t\t\t\t<div class=\"elementor-widget-container\">\n\t\t\t\t\t<h2 class=\"elementor-heading-title elementor-size-default\">Servicios de mecanizado con precisi\u00f3n, eficiencia y experiencia<\/h2>\t\t\t\t<\/div>\n\t\t\t\t<\/div>\n\t\t\t\t<div class=\"elementor-element elementor-element-e186c8b elementor-widget__width-initial elementor-invisible elementor-widget elementor-widget-text-editor\" data-id=\"e186c8b\" data-element_type=\"widget\" data-settings=\"{&quot;_animation&quot;:&quot;fadeIn&quot;,&quot;_animation_delay&quot;:200}\" data-widget_type=\"text-editor.default\">\n\t\t\t\t<div class=\"elementor-widget-container\">\n\t\t\t\t\t\t\t\t\t<p>En Talleres Abell\u00e1n ofrecemos soluciones t\u00e9cnicas completas en mecanizado de precisi\u00f3n.<br data-start=\"730\" data-end=\"733\" \/>Trabajamos con fresadoras, tornos CNC y centros de mecanizado de perfiles para producir piezas a medida en acero, aluminio, pl\u00e1sticos t\u00e9cnicos y otros materiales.<br data-start=\"897\" data-end=\"900\" \/>Cada proceso est\u00e1 apoyado por maquinaria moderna, personal cualificado y un compromiso total con la calidad<\/p>\t\t\t\t\t\t\t\t<\/div>\n\t\t\t\t<\/div>\n\t\t\t\t\t<\/div>\n\t\t\t\t<\/div>\n\t\t<div class=\"elementor-element elementor-element-ffdb448 e-flex e-con-boxed e-con e-parent\" data-id=\"ffdb448\" data-element_type=\"container\">\n\t\t\t\t\t<div class=\"e-con-inner\">\n\t\t\t\t<div class=\"elementor-element elementor-element-dbb8237 elementor-widget elementor-widget-heading\" data-id=\"dbb8237\" data-element_type=\"widget\" data-widget_type=\"heading.default\">\n\t\t\t\t<div class=\"elementor-widget-container\">\n\t\t\t\t\t<h2 class=\"elementor-heading-title elementor-size-default\">Fresado CNC de alta precisi\u00f3n<\/h2>\t\t\t\t<\/div>\n\t\t\t\t<\/div>\n\t\t\t\t<div class=\"elementor-element elementor-element-6186cae elementor-widget elementor-widget-text-editor\" data-id=\"6186cae\" data-element_type=\"widget\" data-widget_type=\"text-editor.default\">\n\t\t\t\t<div class=\"elementor-widget-container\">\n\t\t\t\t\t\t\t\t\t<p class=\"\" data-start=\"636\" data-end=\"1111\">En Talleres Abell\u00e1n realizamos trabajos de fresado CNC vertical con una elevada precisi\u00f3n y limpieza dimensional.<br data-start=\"749\" data-end=\"752\" \/>Nuestra capacidad t\u00e9cnica y nuestra maquinaria nos permite abordar tanto el mecanizado de piezas \u00fanicas como peque\u00f1as series, prototipos o adaptaciones especiales.<br data-start=\"917\" data-end=\"920\" \/>Operamos sobre m\u00faltiples materiales como acero, aluminio y pl\u00e1sticos t\u00e9cnicos, manteniendo tolerancias ajustadas y repeticiones estables en piezas complejas o de alta exigencia funcional.<\/p><p class=\"\" data-start=\"1118\" data-end=\"1278\">Gracias a nuestro equipo humano cualificado y a nuestras fresadoras CNC de \u00faltima generaci\u00f3n, ofrecemos soluciones r\u00e1pidas, fiables y orientadas a la industria.<\/p>\t\t\t\t\t\t\t\t<\/div>\n\t\t\t\t<\/div>\n\t\t\t\t<div class=\"elementor-element elementor-element-eb2b086 elementor-widget elementor-widget-text-editor\" data-id=\"eb2b086\" data-element_type=\"widget\" data-widget_type=\"text-editor.default\">\n\t\t\t\t<div class=\"elementor-widget-container\">\n\t\t\t\t\t\t\t\t\t<div style=\"overflow-x: auto;\"><table style=\"width: 100%; border-collapse: collapse;\"><thead><tr><th>M\u00e1quina<\/th><th>Modelo<\/th><th>Recorridos (mm)<\/th><th>Caracter\u00edsticas principales<\/th><\/tr><\/thead><tbody><tr><td>Centro de mecanizado vertical<\/td><td>HAAS VF-2SS<\/td><td>762 x 406 x 508<\/td><td>Alta velocidad, cambio autom\u00e1tico de herramientas, husillo de 12.000 rpm<\/td><\/tr><tr><td>Centro de mecanizado vertical<\/td><td>DECKEL MAHO DMU 50 eco<\/td><td>500 x 450 x 400<\/td><td>Eje B inclinado, mecanizado 5 caras, alta rigidez<\/td><\/tr><tr><td>Centro de mecanizado vertical<\/td><td>HAAS TM-1<\/td><td>305 x 254 x 406<\/td><td>Ideal para piezas peque\u00f1as y prototipos<\/td><\/tr><\/tbody><\/table><\/div>\t\t\t\t\t\t\t\t<\/div>\n\t\t\t\t<\/div>\n\t\t\t\t\t<\/div>\n\t\t\t\t<\/div>\n\t\t<div class=\"elementor-element elementor-element-c43a3f1 e-flex e-con-boxed e-con e-parent\" data-id=\"c43a3f1\" data-element_type=\"container\">\n\t\t\t\t\t<div class=\"e-con-inner\">\n\t\t\t\t<div class=\"elementor-element elementor-element-1304878 elementor-widget elementor-widget-heading\" data-id=\"1304878\" data-element_type=\"widget\" data-widget_type=\"heading.default\">\n\t\t\t\t<div class=\"elementor-widget-container\">\n\t\t\t\t\t<h2 class=\"elementor-heading-title elementor-size-default\">Torneado CNC de alta precisi\u00f3n<\/h2>\t\t\t\t<\/div>\n\t\t\t\t<\/div>\n\t\t\t\t<div class=\"elementor-element elementor-element-c45c202 elementor-widget elementor-widget-text-editor\" data-id=\"c45c202\" data-element_type=\"widget\" data-widget_type=\"text-editor.default\">\n\t\t\t\t<div class=\"elementor-widget-container\">\n\t\t\t\t\t\t\t\t\t<p>El torneado CNC permite fabricar piezas cil\u00edndricas con gran exactitud dimensional y acabado superficial excelente. En Talleres Abell\u00e1n contamos con tornos de control num\u00e9rico que garantizan la repetibilidad y estabilidad del proceso incluso en series largas. Podemos trabajar con una amplia variedad de materiales, desde aceros hasta pl\u00e1sticos t\u00e9cnicos.<\/p>\t\t\t\t\t\t\t\t<\/div>\n\t\t\t\t<\/div>\n\t\t\t\t<div class=\"elementor-element elementor-element-79a47b5 elementor-widget elementor-widget-text-editor\" data-id=\"79a47b5\" data-element_type=\"widget\" data-widget_type=\"text-editor.default\">\n\t\t\t\t<div class=\"elementor-widget-container\">\n\t\t\t\t\t\t\t\t\t<div style=\"overflow-x: auto;\">\n  <table style=\"width: 100%; border-collapse: collapse;\">\n    <thead>\n      <tr>\n        <th>M\u00e1quina<\/th>\n        <th>Modelo<\/th>\n        <th>\u00c1rea de trabajo<\/th>\n        <th>Caracter\u00edsticas principales<\/th>\n      <\/tr>\n    <\/thead>\n    <tbody>\n      <tr>\n        <td>Torno CNC<\/td>\n        <td>HAAS ST-20Y<\/td>\n        <td>\u00d8 210 mm \/ Z 572 mm \/ Y \u00b151 mm<\/td>\n        <td>Eje Y, chuck de 210 mm, 4.000 rpm, motor 14,9 kW<\/td>\n      <\/tr>\n      <tr>\n        <td>Torno CNC<\/td>\n        <td>JOHN FORD TC-35<\/td>\n        <td>\u00d8 400 mm \/ Z 600 mm<\/td>\n        <td>Chuck grande, motor 22,4 kW, ideal para piezas robustas<\/td>\n      <\/tr>\n    <\/tbody>\n  <\/table>\n<\/div>\n\t\t\t\t\t\t\t\t<\/div>\n\t\t\t\t<\/div>\n\t\t\t\t\t<\/div>\n\t\t\t\t<\/div>\n\t\t<div class=\"elementor-element elementor-element-78d03a9 e-flex e-con-boxed e-con e-parent\" data-id=\"78d03a9\" data-element_type=\"container\">\n\t\t\t\t\t<div class=\"e-con-inner\">\n\t\t\t\t<div class=\"elementor-element elementor-element-c1bb7a7 elementor-widget elementor-widget-heading\" data-id=\"c1bb7a7\" data-element_type=\"widget\" data-widget_type=\"heading.default\">\n\t\t\t\t<div class=\"elementor-widget-container\">\n\t\t\t\t\t<h2 class=\"elementor-heading-title elementor-size-default\">Centro de mecanizado de perfiles<\/h2>\t\t\t\t<\/div>\n\t\t\t\t<\/div>\n\t\t\t\t<div class=\"elementor-element elementor-element-d42014d elementor-widget elementor-widget-text-editor\" data-id=\"d42014d\" data-element_type=\"widget\" data-widget_type=\"text-editor.default\">\n\t\t\t\t<div class=\"elementor-widget-container\">\n\t\t\t\t\t\t\t\t\t<p data-start=\"189\" data-end=\"467\">En Talleres Abell\u00e1n contamos con un centro de mecanizado especializado en el fresado, taladrado y corte de perfiles de aluminio de gran longitud, orientado a sectores que requieren piezas lineales mecanizadas con precisi\u00f3n, como el sector hospitalario o de equipamiento t\u00e9cnico.<\/p><p data-start=\"469\" data-end=\"725\">Gracias a nuestro equipo t\u00e9cnico cualificado y a la tecnolog\u00eda del centro de mecanizado Elumatec SBZ 140, somos capaces de realizar mecanizados completos sobre perfiles largos, incluso con geometr\u00edas inclinadas y operaciones combinadas en diferentes caras.<\/p><p data-start=\"727\" data-end=\"913\">Este tipo de mecanizado permite una gran eficiencia y calidad en piezas repetitivas, series medias o producciones personalizadas, con total fiabilidad dimensional y rapidez de ejecuci\u00f3n.<\/p>\t\t\t\t\t\t\t\t<\/div>\n\t\t\t\t<\/div>\n\t\t\t\t<div class=\"elementor-element elementor-element-9d2b8f1 elementor-widget elementor-widget-text-editor\" data-id=\"9d2b8f1\" data-element_type=\"widget\" data-widget_type=\"text-editor.default\">\n\t\t\t\t<div class=\"elementor-widget-container\">\n\t\t\t\t\t\t\t\t\t<div style=\"overflow-x: auto;\">\n  <table style=\"width: 100%; border-collapse: collapse;\">\n    <thead>\n      <tr>\n        <th>M\u00e1quina<\/th>\n        <th>Modelo<\/th>\n        <th>\u00c1rea de trabajo (mm)<\/th>\n        <th>Caracter\u00edsticas principales<\/th>\n      <\/tr>\n    <\/thead>\n    <tbody>\n      <tr>\n        <td>Centro de mecanizado de perfiles<\/td>\n        <td>Elumatec SBZ 140<\/td>\n        <td>X: 7.720 \/ Y: 845 \/ Z: 620 \/ A: \u00b190\u00ba<\/td>\n        <td>Motor de 11 kW hasta 24.000 rpm, mecanizado en m\u00faltiples caras, inclinaci\u00f3n de husillo<\/td>\n      <\/tr>\n    <\/tbody>\n  <\/table>\n<\/div>\n\t\t\t\t\t\t\t\t<\/div>\n\t\t\t\t<\/div>\n\t\t\t\t\t<\/div>\n\t\t\t\t<\/div>\n\t\t<div class=\"elementor-element elementor-element-d0af7d6 e-flex e-con-boxed e-con e-parent\" data-id=\"d0af7d6\" data-element_type=\"container\">\n\t\t\t\t\t<div class=\"e-con-inner\">\n\t\t\t\t<div class=\"elementor-element elementor-element-87339ec elementor-widget elementor-widget-heading\" data-id=\"87339ec\" data-element_type=\"widget\" data-widget_type=\"heading.default\">\n\t\t\t\t<div class=\"elementor-widget-container\">\n\t\t\t\t\t<h2 class=\"elementor-heading-title elementor-size-default\"> Montaje y ensamblajes t\u00e9cnicos<\/h2>\t\t\t\t<\/div>\n\t\t\t\t<\/div>\n\t\t\t\t<div class=\"elementor-element elementor-element-acad8ff elementor-widget elementor-widget-text-editor\" data-id=\"acad8ff\" data-element_type=\"widget\" data-widget_type=\"text-editor.default\">\n\t\t\t\t<div class=\"elementor-widget-container\">\n\t\t\t\t\t\t\t\t\t<p data-start=\"210\" data-end=\"371\">En Talleres Abell\u00e1n realizamos montajes mec\u00e1nicos de subconjuntos y ensamblajes funcionales como parte del servicio integral de mecanizado y fabricaci\u00f3n t\u00e9cnica.<\/p><p data-start=\"373\" data-end=\"677\">Nuestro equipo est\u00e1 capacitado para montar componentes met\u00e1licos, pl\u00e1sticos y de fijaci\u00f3n, garantizando la precisi\u00f3n dimensional y el correcto funcionamiento de cada conjunto. Realizamos pruebas de ajuste, verificaciones dimensionales y controles visuales para asegurar la calidad antes de su expedici\u00f3n.<\/p><p data-start=\"679\" data-end=\"888\">Este servicio est\u00e1 orientado a proyectos que requieren soluciones completas: desde la mecanizaci\u00f3n individual hasta la entrega de conjuntos listos para integrar en equipos finales o instalaciones industriales.<\/p><p data-start=\"890\" data-end=\"1111\">Gracias a nuestra experiencia y conocimiento de producto t\u00e9cnico, damos soporte a sectores como el m\u00e9dico, industrial o de equipamiento t\u00e9cnico con montajes fiables, r\u00e1pidos y adaptados a las especificaciones del cliente.<\/p>\t\t\t\t\t\t\t\t<\/div>\n\t\t\t\t<\/div>\n\t\t\t\t<div class=\"elementor-element elementor-element-1953026 elementor-widget elementor-widget-text-editor\" data-id=\"1953026\" data-element_type=\"widget\" data-widget_type=\"text-editor.default\">\n\t\t\t\t<div class=\"elementor-widget-container\">\n\t\t\t\t\t\t\t\t\t<div style=\"overflow-x: auto;\">\n  <table style=\"width: 100%; border-collapse: collapse;\">\n    <thead>\n      <tr>\n        <th>Tipo de ensamblaje<\/th>\n        <th>Componentes involucrados<\/th>\n        <th>Aplicaciones t\u00edpicas<\/th>\n      <\/tr>\n    <\/thead>\n    <tbody>\n      <tr>\n        <td>Subconjuntos mec\u00e1nicos<\/td>\n        <td>Piezas mecanizadas, torniller\u00eda, elementos gu\u00eda<\/td>\n        <td>Equipos m\u00e9dicos, mecanismos industriales<\/td>\n      <\/tr>\n      <tr>\n        <td>Montaje de perfiles y herrajes<\/td>\n        <td>Perfiles de aluminio, chapas, uniones m\u00f3viles<\/td>\n        <td>Soportes t\u00e9cnicos, marcos estructurales<\/td>\n      <\/tr>\n      <tr>\n        <td>Montajes con fijaci\u00f3n manual o roscada<\/td>\n        <td>Pernos, esp\u00e1rragos, inserts, tuercas<\/td>\n        <td>Utillajes, accesorios montados<\/td>\n      <\/tr>\n    <\/tbody>\n  <\/table>\n<\/div>\n\t\t\t\t\t\t\t\t<\/div>\n\t\t\t\t<\/div>\n\t\t\t\t\t<\/div>\n\t\t\t\t<\/div>\n\t\t<div class=\"elementor-element elementor-element-d7370a6 e-flex e-con-boxed e-con e-parent\" data-id=\"d7370a6\" data-element_type=\"container\">\n\t\t\t\t\t<div class=\"e-con-inner\">\n\t\t\t\t<div class=\"elementor-element elementor-element-53e6637 elementor-widget elementor-widget-heading\" data-id=\"53e6637\" data-element_type=\"widget\" data-widget_type=\"heading.default\">\n\t\t\t\t<div class=\"elementor-widget-container\">\n\t\t\t\t\t<h2 class=\"elementor-heading-title elementor-size-default\">Acabados y tratamientos superficiales<\/h2>\t\t\t\t<\/div>\n\t\t\t\t<\/div>\n\t\t\t\t<div class=\"elementor-element elementor-element-70f55be elementor-widget elementor-widget-text-editor\" data-id=\"70f55be\" data-element_type=\"widget\" data-widget_type=\"text-editor.default\">\n\t\t\t\t<div class=\"elementor-widget-container\">\n\t\t\t\t\t\t\t\t\t<p data-start=\"369\" data-end=\"553\">En Talleres Abell\u00e1n no solo mecanizamos piezas con alta precisi\u00f3n, sino que tambi\u00e9n nos encargamos de entregar productos <strong data-start=\"490\" data-end=\"516\">completamente acabados<\/strong>, listos para su montaje o uso final.<\/p><p data-start=\"555\" data-end=\"813\">Gracias a una red de colaboradores certificados y procesos de control interno, podemos gestionar y garantizar una amplia variedad de acabados mec\u00e1nicos, qu\u00edmicos y decorativos, adapt\u00e1ndonos a las necesidades t\u00e9cnicas, funcionales o est\u00e9ticas de cada cliente.<\/p><p data-start=\"815\" data-end=\"979\">Esto permite optimizar tiempos de entrega y facilitar a nuestros clientes un servicio integral, desde el dise\u00f1o y mecanizado hasta el tratamiento superficial final.<\/p>\t\t\t\t\t\t\t\t<\/div>\n\t\t\t\t<\/div>\n\t\t\t\t<div class=\"elementor-element elementor-element-d86305f elementor-widget elementor-widget-text-editor\" data-id=\"d86305f\" data-element_type=\"widget\" data-widget_type=\"text-editor.default\">\n\t\t\t\t<div class=\"elementor-widget-container\">\n\t\t\t\t\t\t\t\t\t<div style=\"overflow-x: auto;\"><table style=\"width: 100%; border-collapse: collapse;\"><thead><tr><th>Tipo de acabado<\/th><th>Descripci\u00f3n \/ Aplicaci\u00f3n habitual<\/th><\/tr><\/thead><tbody><tr><td>Pintura en polvo<\/td><td>Recubrimiento duradero y decorativo, resistente a impactos y corrosi\u00f3n<\/td><\/tr><tr><td>Pintura l\u00edquida<\/td><td>Acabado liso o texturizado, adaptable a todo tipo de piezas<\/td><\/tr><tr><td>Lacado<\/td><td>Recubrimiento brillante o mate, decorativo y protector<\/td><\/tr><tr><td>Imprimado<\/td><td>Capa base que mejora la adherencia de la pintura final<\/td><\/tr><tr><td>Anodizado<\/td><td>Tratamiento de aluminio para resistencia a la oxidaci\u00f3n y aspecto met\u00e1lico<\/td><\/tr><tr><td>Zincado<\/td><td>Protecci\u00f3n anticorrosiva por recubrimiento de zinc<\/td><\/tr><tr><td>Niquelado<\/td><td>Capa met\u00e1lica brillante con buena resistencia al desgaste<\/td><\/tr><tr><td>Pavonado<\/td><td>Protecci\u00f3n superficial para aceros, con acabado negro o azulado<\/td><\/tr><tr><td>Desengrasado<\/td><td>Limpieza industrial para eliminar aceites y residuos de mecanizado<\/td><\/tr><tr><td>Chorreado<\/td><td>Acabado por impacto de part\u00edculas, ideal para limpieza y preparaci\u00f3n<\/td><\/tr><tr><td>Vibrado<\/td><td>Suavizado de aristas y acabado satinado mediante vibraci\u00f3n<\/td><\/tr><tr><td>Pulido mec\u00e1nico<\/td><td>Acabado brillante mediante abrasi\u00f3n controlada<\/td><\/tr><tr><td>Electropulido<\/td><td>Pulido qu\u00edmico para aceros inoxidables, mejora brillo y limpieza<\/td><\/tr><tr><td>Cromado<\/td><td>Recubrimiento met\u00e1lico para protecci\u00f3n y est\u00e9tica brillante<\/td><\/tr><tr><td>Vinilado<\/td><td>Aplicaci\u00f3n de vinilos para se\u00f1alizaci\u00f3n o acabado visual<\/td><\/tr><\/tbody><\/table><\/div>\t\t\t\t\t\t\t\t<\/div>\n\t\t\t\t<\/div>\n\t\t\t\t\t<\/div>\n\t\t\t\t<\/div>\n\t\t<div class=\"elementor-element elementor-element-0ac3796 animated-slow e-flex e-con-boxed elementor-invisible e-con e-parent\" data-id=\"0ac3796\" data-element_type=\"container\" data-settings=\"{&quot;background_background&quot;:&quot;classic&quot;,&quot;animation&quot;:&quot;fadeIn&quot;,&quot;animation_delay&quot;:200}\">\n\t\t\t\t\t<div class=\"e-con-inner\">\n\t\t\t\t<div class=\"elementor-element elementor-element-dc12f31 elementor-widget elementor-widget-heading\" data-id=\"dc12f31\" data-element_type=\"widget\" data-widget_type=\"heading.default\">\n\t\t\t\t<div class=\"elementor-widget-container\">\n\t\t\t\t\t<h2 class=\"elementor-heading-title elementor-size-default\">\u00bfNecesitas un proveedor \u00e1gil y fiable?<\/h2>\t\t\t\t<\/div>\n\t\t\t\t<\/div>\n\t\t\t\t<div class=\"elementor-element elementor-element-b63476c elementor-widget elementor-widget-text-editor\" data-id=\"b63476c\" data-element_type=\"widget\" data-widget_type=\"text-editor.default\">\n\t\t\t\t<div class=\"elementor-widget-container\">\n\t\t\t\t\t\t\t\t\t<p data-start=\"488\" data-end=\"669\">En Talleres Abell\u00e1n combinamos experiencia, tecnolog\u00eda y compromiso para ofrecer piezas t\u00e9cnicas de alta precisi\u00f3n y acabados profesionales, cumpliendo con los plazos m\u00e1s exigentes.<\/p><p data-start=\"488\" data-end=\"669\">Ofrecemos soporte desde el dise\u00f1o hasta la entrega final, adapt\u00e1ndonos a tus necesidades, sector y tipo de producto.<\/p>\t\t\t\t\t\t\t\t<\/div>\n\t\t\t\t<\/div>\n\t\t\t\t\t<\/div>\n\t\t\t\t<\/div>\n\t\t\t\t<\/div>\n\t\t","protected":false},"excerpt":{"rendered":"<p>Servicios de mecanizado con precisi\u00f3n, eficiencia y experiencia En Talleres Abell\u00e1n ofrecemos soluciones t\u00e9cnicas completas en mecanizado de precisi\u00f3n.Trabajamos con [&hellip;]<\/p>\n","protected":false},"author":1,"featured_media":0,"parent":0,"menu_order":0,"comment_status":"closed","ping_status":"closed","template":"","meta":{"site-sidebar-layout":"no-sidebar","site-content-layout":"","ast-site-content-layout":"full-width-container","site-content-style":"default","site-sidebar-style":"default","ast-global-header-display":"","ast-banner-title-visibility":"","ast-main-header-display":"","ast-hfb-above-header-display":"","ast-hfb-below-header-display":"","ast-hfb-mobile-header-display":"","site-post-title":"disabled","ast-breadcrumbs-content":"","ast-featured-img":"disabled","footer-sml-layout":"","theme-transparent-header-meta":"","adv-header-id-meta":"","stick-header-meta":"","header-above-stick-meta":"","header-main-stick-meta":"","header-below-stick-meta":"","astra-migrate-meta-layouts":"default","ast-page-background-enabled":"default","ast-page-background-meta":{"desktop":{"background-color":"var(--ast-global-color-5)","background-image":"","background-repeat":"repeat","background-position":"center center","background-size":"auto","background-attachment":"scroll","background-type":"","background-media":"","overlay-type":"","overlay-color":"","overlay-opacity":"","overlay-gradient":""},"tablet":{"background-color":"","background-image":"","background-repeat":"repeat","background-position":"center center","background-size":"auto","background-attachment":"scroll","background-type":"","background-media":"","overlay-type":"","overlay-color":"","overlay-opacity":"","overlay-gradient":""},"mobile":{"background-color":"","background-image":"","background-repeat":"repeat","background-position":"center center","background-size":"auto","background-attachment":"scroll","background-type":"","background-media":"","overlay-type":"","overlay-color":"","overlay-opacity":"","overlay-gradient":""}},"ast-content-background-meta":{"desktop":{"background-color":"var(--ast-global-color-4)","background-image":"","background-repeat":"repeat","background-position":"center center","background-size":"auto","background-attachment":"scroll","background-type":"","background-media":"","overlay-type":"","overlay-color":"","overlay-opacity":"","overlay-gradient":""},"tablet":{"background-color":"var(--ast-global-color-4)","background-image":"","background-repeat":"repeat","background-position":"center center","background-size":"auto","background-attachment":"scroll","background-type":"","background-media":"","overlay-type":"","overlay-color":"","overlay-opacity":"","overlay-gradient":""},"mobile":{"background-color":"var(--ast-global-color-4)","background-image":"","background-repeat":"repeat","background-position":"center center","background-size":"auto","background-attachment":"scroll","background-type":"","background-media":"","overlay-type":"","overlay-color":"","overlay-opacity":"","overlay-gradient":""}},"footnotes":""},"class_list":["post-13","page","type-page","status-publish","hentry"],"_links":{"self":[{"href":"http:\/\/talleresabellan.com\/index.php?rest_route=\/wp\/v2\/pages\/13","targetHints":{"allow":["GET"]}}],"collection":[{"href":"http:\/\/talleresabellan.com\/index.php?rest_route=\/wp\/v2\/pages"}],"about":[{"href":"http:\/\/talleresabellan.com\/index.php?rest_route=\/wp\/v2\/types\/page"}],"author":[{"embeddable":true,"href":"http:\/\/talleresabellan.com\/index.php?rest_route=\/wp\/v2\/users\/1"}],"replies":[{"embeddable":true,"href":"http:\/\/talleresabellan.com\/index.php?rest_route=%2Fwp%2Fv2%2Fcomments&post=13"}],"version-history":[{"count":49,"href":"http:\/\/talleresabellan.com\/index.php?rest_route=\/wp\/v2\/pages\/13\/revisions"}],"predecessor-version":[{"id":530,"href":"http:\/\/talleresabellan.com\/index.php?rest_route=\/wp\/v2\/pages\/13\/revisions\/530"}],"wp:attachment":[{"href":"http:\/\/talleresabellan.com\/index.php?rest_route=%2Fwp%2Fv2%2Fmedia&parent=13"}],"curies":[{"name":"wp","href":"https:\/\/api.w.org\/{rel}","templated":true}]}}