{"id":9,"date":"2025-05-10T15:46:51","date_gmt":"2025-05-10T15:46:51","guid":{"rendered":"http:\/\/talleresabellan.com\/?page_id=9"},"modified":"2025-07-16T07:09:35","modified_gmt":"2025-07-16T07:09:35","slug":"inicio","status":"publish","type":"page","link":"http:\/\/talleresabellan.com\/","title":{"rendered":"Inicio"},"content":{"rendered":"\t\t<div data-elementor-type=\"wp-page\" data-elementor-id=\"9\" class=\"elementor elementor-9\">\n\t\t\t\t<div class=\"elementor-element elementor-element-e2ea659 animated-slow e-flex e-con-boxed elementor-invisible e-con e-parent\" data-id=\"e2ea659\" data-element_type=\"container\" data-settings=\"{&quot;background_background&quot;:&quot;classic&quot;,&quot;animation&quot;:&quot;fadeIn&quot;,&quot;animation_delay&quot;:200}\">\n\t\t\t\t\t<div class=\"e-con-inner\">\n\t\t<div class=\"elementor-element elementor-element-898b72c e-con-full e-flex e-con e-child\" data-id=\"898b72c\" data-element_type=\"container\">\n\t\t\t\t<div class=\"elementor-element elementor-element-75e68df elementor-widget__width-initial elementor-invisible elementor-widget elementor-widget-heading\" data-id=\"75e68df\" data-element_type=\"widget\" data-settings=\"{&quot;_animation&quot;:&quot;fadeIn&quot;,&quot;_animation_delay&quot;:200}\" data-widget_type=\"heading.default\">\n\t\t\t\t<div class=\"elementor-widget-container\">\n\t\t\t\t\t<h1 class=\"elementor-heading-title elementor-size-default\">Excelencia en mecanizados de precisi\u00f3n desde 1960<\/h1>\t\t\t\t<\/div>\n\t\t\t\t<\/div>\n\t\t\t\t<div class=\"elementor-element elementor-element-a573e08 elementor-invisible elementor-widget elementor-widget-text-editor\" data-id=\"a573e08\" data-element_type=\"widget\" data-settings=\"{&quot;_animation&quot;:&quot;fadeIn&quot;,&quot;_animation_delay&quot;:200}\" data-widget_type=\"text-editor.default\">\n\t\t\t\t<div class=\"elementor-widget-container\">\n\t\t\t\t\t\t\t\t\t<h2>Soluciones de mecanizado de alta calidad y precisi\u00f3n, con m\u00e1s de 60 a\u00f1os de experiencia al servicio de nuestros clientes<\/h2>\t\t\t\t\t\t\t\t<\/div>\n\t\t\t\t<\/div>\n\t\t\t\t<\/div>\n\t\t\t\t\t<\/div>\n\t\t\t\t<\/div>\n\t\t<div class=\"elementor-element elementor-element-a22a55e e-flex e-con-boxed e-con e-parent\" data-id=\"a22a55e\" data-element_type=\"container\">\n\t\t\t\t\t<div class=\"e-con-inner\">\n\t\t<div class=\"elementor-element elementor-element-d4faa9b e-con-full e-flex e-con e-child\" data-id=\"d4faa9b\" data-element_type=\"container\">\n\t\t\t\t<div class=\"elementor-element elementor-element-1b30257 elementor-widget elementor-widget-image\" data-id=\"1b30257\" data-element_type=\"widget\" data-widget_type=\"image.default\">\n\t\t\t\t<div class=\"elementor-widget-container\">\n\t\t\t\t\t\t\t\t\t\t\t\t\t\t\t<img fetchpriority=\"high\" decoding=\"async\" width=\"593\" height=\"1024\" src=\"http:\/\/talleresabellan.com\/wp-content\/uploads\/2025\/05\/PXL_20250512_1039200593-593x1024.jpg\" class=\"attachment-large size-large wp-image-159\" alt=\"\" srcset=\"http:\/\/talleresabellan.com\/wp-content\/uploads\/2025\/05\/PXL_20250512_1039200593-593x1024.jpg 593w, http:\/\/talleresabellan.com\/wp-content\/uploads\/2025\/05\/PXL_20250512_1039200593-174x300.jpg 174w, http:\/\/talleresabellan.com\/wp-content\/uploads\/2025\/05\/PXL_20250512_1039200593-768x1325.jpg 768w, http:\/\/talleresabellan.com\/wp-content\/uploads\/2025\/05\/PXL_20250512_1039200593-890x1536.jpg 890w, http:\/\/talleresabellan.com\/wp-content\/uploads\/2025\/05\/PXL_20250512_1039200593-1187x2048.jpg 1187w, http:\/\/talleresabellan.com\/wp-content\/uploads\/2025\/05\/PXL_20250512_1039200593-scaled.jpg 1484w\" sizes=\"(max-width: 593px) 100vw, 593px\" \/>\t\t\t\t\t\t\t\t\t\t\t\t\t\t\t<\/div>\n\t\t\t\t<\/div>\n\t\t\t\t<\/div>\n\t\t<div class=\"elementor-element elementor-element-d2c9d94 e-con-full e-flex e-con e-child\" data-id=\"d2c9d94\" data-element_type=\"container\">\n\t\t\t\t<div class=\"elementor-element elementor-element-43e6a5e elementor-widget elementor-widget-heading\" data-id=\"43e6a5e\" data-element_type=\"widget\" data-widget_type=\"heading.default\">\n\t\t\t\t<div class=\"elementor-widget-container\">\n\t\t\t\t\t<h1 class=\"elementor-heading-title elementor-size-default\">Qui\u00e9nes somos<\/h1>\t\t\t\t<\/div>\n\t\t\t\t<\/div>\n\t\t\t\t<div class=\"elementor-element elementor-element-057b109 elementor-widget elementor-widget-text-editor\" data-id=\"057b109\" data-element_type=\"widget\" data-widget_type=\"text-editor.default\">\n\t\t\t\t<div class=\"elementor-widget-container\">\n\t\t\t\t\t\t\t\t\t<p>Fundada en 1960 y parte del grupo Tedisel Medical desde 2021, Talleres Abell\u00e1n combina tradici\u00f3n y modernizaci\u00f3n para ofrecer soluciones de mecanizado de alta precisi\u00f3n. Nuestra experiencia en el trabajo con aceros, aluminios y pl\u00e1sticos nos permite adaptarnos a los desaf\u00edos t\u00e9cnicos de cada proyecto con eficiencia, calidad y compromiso.<\/p>\t\t\t\t\t\t\t\t<\/div>\n\t\t\t\t<\/div>\n\t\t\t\t<\/div>\n\t\t\t\t\t<\/div>\n\t\t\t\t<\/div>\n\t\t<div class=\"elementor-element elementor-element-b153ed8 e-flex e-con-boxed elementor-invisible e-con e-parent\" data-id=\"b153ed8\" data-element_type=\"container\" data-settings=\"{&quot;animation&quot;:&quot;fadeIn&quot;,&quot;animation_delay&quot;:200}\">\n\t\t\t\t\t<div class=\"e-con-inner\">\n\t\t\t\t<div class=\"elementor-element elementor-element-e524a43 elementor-widget elementor-widget-heading\" data-id=\"e524a43\" data-element_type=\"widget\" data-widget_type=\"heading.default\">\n\t\t\t\t<div class=\"elementor-widget-container\">\n\t\t\t\t\t<h2 class=\"elementor-heading-title elementor-size-default\">Qu\u00e9 hacemos<\/h2>\t\t\t\t<\/div>\n\t\t\t\t<\/div>\n\t\t<div class=\"elementor-element elementor-element-29f97f6 e-con-full e-flex e-con e-child\" data-id=\"29f97f6\" data-element_type=\"container\">\n\t\t<div class=\"elementor-element elementor-element-34cf814 e-con-full e-flex e-con e-child\" data-id=\"34cf814\" data-element_type=\"container\" data-settings=\"{&quot;background_background&quot;:&quot;classic&quot;}\">\n\t\t\t\t<div class=\"elementor-element elementor-element-5c9bf05 elementor-widget elementor-widget-heading\" data-id=\"5c9bf05\" data-element_type=\"widget\" data-widget_type=\"heading.default\">\n\t\t\t\t<div class=\"elementor-widget-container\">\n\t\t\t\t\t<h2 class=\"elementor-heading-title elementor-size-default\">Mecanizado CNC<\/h2>\t\t\t\t<\/div>\n\t\t\t\t<\/div>\n\t\t\t\t<div class=\"elementor-element elementor-element-1507911 elementor-widget elementor-widget-text-editor\" data-id=\"1507911\" data-element_type=\"widget\" data-widget_type=\"text-editor.default\">\n\t\t\t\t<div class=\"elementor-widget-container\">\n\t\t\t\t\t\t\t\t\t<p>Fabricamos piezas de alta precisi\u00f3n en acero, aluminio, pl\u00e1sticos t\u00e9cnicos y otros materiales, adapt\u00e1ndonos a los requisitos espec\u00edficos de cada cliente.<\/p>\t\t\t\t\t\t\t\t<\/div>\n\t\t\t\t<\/div>\n\t\t\t\t<\/div>\n\t\t<div class=\"elementor-element elementor-element-f6c0121 e-con-full e-flex e-con e-child\" data-id=\"f6c0121\" data-element_type=\"container\" data-settings=\"{&quot;background_background&quot;:&quot;classic&quot;}\">\n\t\t\t\t<div class=\"elementor-element elementor-element-ccddda6 elementor-widget elementor-widget-heading\" data-id=\"ccddda6\" data-element_type=\"widget\" data-widget_type=\"heading.default\">\n\t\t\t\t<div class=\"elementor-widget-container\">\n\t\t\t\t\t<h2 class=\"elementor-heading-title elementor-size-default\">Fresado vertical CNC<\/h2>\t\t\t\t<\/div>\n\t\t\t\t<\/div>\n\t\t\t\t<div class=\"elementor-element elementor-element-6a0554a elementor-widget elementor-widget-text-editor\" data-id=\"6a0554a\" data-element_type=\"widget\" data-widget_type=\"text-editor.default\">\n\t\t\t\t<div class=\"elementor-widget-container\">\n\t\t\t\t\t\t\t\t\t<p>Realizamos trabajos complejos en centros de mecanizado de alta velocidad como HAAS VF2SS, garantizando acabados exigentes y gran repetibilidad.<\/p>\t\t\t\t\t\t\t\t<\/div>\n\t\t\t\t<\/div>\n\t\t\t\t<\/div>\n\t\t<div class=\"elementor-element elementor-element-d511fa2 e-con-full e-flex e-con e-child\" data-id=\"d511fa2\" data-element_type=\"container\" data-settings=\"{&quot;background_background&quot;:&quot;classic&quot;}\">\n\t\t\t\t<div class=\"elementor-element elementor-element-51bc8c5 elementor-widget elementor-widget-heading\" data-id=\"51bc8c5\" data-element_type=\"widget\" data-widget_type=\"heading.default\">\n\t\t\t\t<div class=\"elementor-widget-container\">\n\t\t\t\t\t<h2 class=\"elementor-heading-title elementor-size-default\">Torneado CNC<\/h2>\t\t\t\t<\/div>\n\t\t\t\t<\/div>\n\t\t\t\t<div class=\"elementor-element elementor-element-5a96efb elementor-widget elementor-widget-text-editor\" data-id=\"5a96efb\" data-element_type=\"widget\" data-widget_type=\"text-editor.default\">\n\t\t\t\t<div class=\"elementor-widget-container\">\n\t\t\t\t\t\t\t\t\t<p>Producimos piezas cil\u00edndricas con tolerancias estrictas y acabados limpios mediante tornos CNC como HAAS ST20Y o John Ford TC-35.<\/p>\t\t\t\t\t\t\t\t<\/div>\n\t\t\t\t<\/div>\n\t\t\t\t<\/div>\n\t\t<div class=\"elementor-element elementor-element-0e5715d e-con-full e-flex e-con e-child\" data-id=\"0e5715d\" data-element_type=\"container\" data-settings=\"{&quot;background_background&quot;:&quot;classic&quot;}\">\n\t\t\t\t<div class=\"elementor-element elementor-element-9c7b525 elementor-widget elementor-widget-heading\" data-id=\"9c7b525\" data-element_type=\"widget\" data-widget_type=\"heading.default\">\n\t\t\t\t<div class=\"elementor-widget-container\">\n\t\t\t\t\t<h2 class=\"elementor-heading-title elementor-size-default\">Mecanizado de perfiles de aluminio<\/h2>\t\t\t\t<\/div>\n\t\t\t\t<\/div>\n\t\t\t\t<div class=\"elementor-element elementor-element-a07a1c6 elementor-widget elementor-widget-text-editor\" data-id=\"a07a1c6\" data-element_type=\"widget\" data-widget_type=\"text-editor.default\">\n\t\t\t\t<div class=\"elementor-widget-container\">\n\t\t\t\t\t\t\t\t\t<p>Contamos con un centro Elumatec SBZ 140 capaz de mecanizar perfiles de hasta 7,7 m de longitud, ideal para series largas y piezas estructurales.<\/p>\t\t\t\t\t\t\t\t<\/div>\n\t\t\t\t<\/div>\n\t\t\t\t<\/div>\n\t\t<div class=\"elementor-element elementor-element-eeb6887 e-con-full e-flex e-con e-child\" data-id=\"eeb6887\" data-element_type=\"container\" data-settings=\"{&quot;background_background&quot;:&quot;classic&quot;}\">\n\t\t\t\t<div class=\"elementor-element elementor-element-7b15fdc elementor-widget elementor-widget-heading\" data-id=\"7b15fdc\" data-element_type=\"widget\" data-widget_type=\"heading.default\">\n\t\t\t\t<div class=\"elementor-widget-container\">\n\t\t\t\t\t<h2 class=\"elementor-heading-title elementor-size-default\">Ensamblaje de piezas y conjuntos<\/h2>\t\t\t\t<\/div>\n\t\t\t\t<\/div>\n\t\t\t\t<div class=\"elementor-element elementor-element-b1a2984 elementor-widget elementor-widget-text-editor\" data-id=\"b1a2984\" data-element_type=\"widget\" data-widget_type=\"text-editor.default\">\n\t\t\t\t<div class=\"elementor-widget-container\">\n\t\t\t\t\t\t\t\t\t<p>Ofrecemos montaje de subconjuntos mec\u00e1nicos a partir de piezas propias o proporcionadas por el cliente, optimizando tiempos y control de calidad.<\/p>\t\t\t\t\t\t\t\t<\/div>\n\t\t\t\t<\/div>\n\t\t\t\t<\/div>\n\t\t\t\t<\/div>\n\t\t<div class=\"elementor-element elementor-element-d2899fa e-con-full animated-slow e-flex elementor-invisible e-con e-child\" data-id=\"d2899fa\" data-element_type=\"container\" data-settings=\"{&quot;background_background&quot;:&quot;classic&quot;,&quot;animation&quot;:&quot;fadeIn&quot;,&quot;animation_delay&quot;:200}\">\n\t\t\t\t<div class=\"elementor-element elementor-element-8a1a358 elementor-widget elementor-widget-heading\" data-id=\"8a1a358\" data-element_type=\"widget\" data-widget_type=\"heading.default\">\n\t\t\t\t<div class=\"elementor-widget-container\">\n\t\t\t\t\t<h2 class=\"elementor-heading-title elementor-size-default\">\u00bfQuieres saber con qu\u00e9 maquinaria trabajamos?<\/h2>\t\t\t\t<\/div>\n\t\t\t\t<\/div>\n\t\t\t\t<\/div>\n\t\t\t\t\t<\/div>\n\t\t\t\t<\/div>\n\t\t\t\t<\/div>\n\t\t","protected":false},"excerpt":{"rendered":"<p>Excelencia en mecanizados de precisi\u00f3n desde 1960 Soluciones de mecanizado de alta calidad y precisi\u00f3n, con m\u00e1s de 60 a\u00f1os [&hellip;]<\/p>\n","protected":false},"author":1,"featured_media":0,"parent":0,"menu_order":0,"comment_status":"closed","ping_status":"closed","template":"","meta":{"site-sidebar-layout":"no-sidebar","site-content-layout":"","ast-site-content-layout":"full-width-container","site-content-style":"default","site-sidebar-style":"default","ast-global-header-display":"","ast-banner-title-visibility":"","ast-main-header-display":"","ast-hfb-above-header-display":"","ast-hfb-below-header-display":"","ast-hfb-mobile-header-display":"","site-post-title":"disabled","ast-breadcrumbs-content":"","ast-featured-img":"disabled","footer-sml-layout":"","theme-transparent-header-meta":"","adv-header-id-meta":"","stick-header-meta":"","header-above-stick-meta":"","header-main-stick-meta":"","header-below-stick-meta":"","astra-migrate-meta-layouts":"default","ast-page-background-enabled":"default","ast-page-background-meta":{"desktop":{"background-color":"var(--ast-global-color-5)","background-image":"","background-repeat":"repeat","background-position":"center center","background-size":"auto","background-attachment":"scroll","background-type":"","background-media":"","overlay-type":"","overlay-color":"","overlay-opacity":"","overlay-gradient":""},"tablet":{"background-color":"","background-image":"","background-repeat":"repeat","background-position":"center center","background-size":"auto","background-attachment":"scroll","background-type":"","background-media":"","overlay-type":"","overlay-color":"","overlay-opacity":"","overlay-gradient":""},"mobile":{"background-color":"","background-image":"","background-repeat":"repeat","background-position":"center center","background-size":"auto","background-attachment":"scroll","background-type":"","background-media":"","overlay-type":"","overlay-color":"","overlay-opacity":"","overlay-gradient":""}},"ast-content-background-meta":{"desktop":{"background-color":"var(--ast-global-color-4)","background-image":"","background-repeat":"repeat","background-position":"center center","background-size":"auto","background-attachment":"scroll","background-type":"","background-media":"","overlay-type":"","overlay-color":"","overlay-opacity":"","overlay-gradient":""},"tablet":{"background-color":"var(--ast-global-color-4)","background-image":"","background-repeat":"repeat","background-position":"center center","background-size":"auto","background-attachment":"scroll","background-type":"","background-media":"","overlay-type":"","overlay-color":"","overlay-opacity":"","overlay-gradient":""},"mobile":{"background-color":"var(--ast-global-color-4)","background-image":"","background-repeat":"repeat","background-position":"center center","background-size":"auto","background-attachment":"scroll","background-type":"","background-media":"","overlay-type":"","overlay-color":"","overlay-opacity":"","overlay-gradient":""}},"footnotes":""},"class_list":["post-9","page","type-page","status-publish","hentry"],"_links":{"self":[{"href":"http:\/\/talleresabellan.com\/index.php?rest_route=\/wp\/v2\/pages\/9","targetHints":{"allow":["GET"]}}],"collection":[{"href":"http:\/\/talleresabellan.com\/index.php?rest_route=\/wp\/v2\/pages"}],"about":[{"href":"http:\/\/talleresabellan.com\/index.php?rest_route=\/wp\/v2\/types\/page"}],"author":[{"embeddable":true,"href":"http:\/\/talleresabellan.com\/index.php?rest_route=\/wp\/v2\/users\/1"}],"replies":[{"embeddable":true,"href":"http:\/\/talleresabellan.com\/index.php?rest_route=%2Fwp%2Fv2%2Fcomments&post=9"}],"version-history":[{"count":154,"href":"http:\/\/talleresabellan.com\/index.php?rest_route=\/wp\/v2\/pages\/9\/revisions"}],"predecessor-version":[{"id":536,"href":"http:\/\/talleresabellan.com\/index.php?rest_route=\/wp\/v2\/pages\/9\/revisions\/536"}],"wp:attachment":[{"href":"http:\/\/talleresabellan.com\/index.php?rest_route=%2Fwp%2Fv2%2Fmedia&parent=9"}],"curies":[{"name":"wp","href":"https:\/\/api.w.org\/{rel}","templated":true}]}}